{"id":46,"date":"2017-04-18T07:11:32","date_gmt":"2017-04-18T07:11:32","guid":{"rendered":"https:\/\/demo.cocobasic.com\/ocularus-wp\/?page_id=46"},"modified":"2025-02-25T09:09:43","modified_gmt":"2025-02-25T12:09:43","slug":"about","status":"publish","type":"page","link":"https:\/\/contandocomomestre.com.br\/?page_id=46","title":{"rendered":"Sobre"},"content":{"rendered":"\n<div class=\"wp-block-group is-layout-flow wp-block-group-is-layout-flow\"><div class=\"wp-block-group__inner-container\"><\/div><\/div>\n\n\n\n<ul class=\"wp-block-social-links aligncenter _blank is-style-default is-layout-flex wp-block-social-links-is-layout-flex\"><li class=\"wp-social-link wp-social-link-instagram  wp-block-social-link\"><a href=\"https:\/\/%20https:\/\/www.instagram.com\/contandocomomestre\/\" class=\"wp-block-social-link-anchor\"><svg width=\"24\" height=\"24\" viewBox=\"0 0 24 24\" version=\"1.1\" xmlns=\"http:\/\/www.w3.org\/2000\/svg\" aria-hidden=\"true\" focusable=\"false\"><path d=\"M12,4.622c2.403,0,2.688,0.009,3.637,0.052c0.877,0.04,1.354,0.187,1.671,0.31c0.42,0.163,0.72,0.358,1.035,0.673 c0.315,0.315,0.51,0.615,0.673,1.035c0.123,0.317,0.27,0.794,0.31,1.671c0.043,0.949,0.052,1.234,0.052,3.637 s-0.009,2.688-0.052,3.637c-0.04,0.877-0.187,1.354-0.31,1.671c-0.163,0.42-0.358,0.72-0.673,1.035 c-0.315,0.315-0.615,0.51-1.035,0.673c-0.317,0.123-0.794,0.27-1.671,0.31c-0.949,0.043-1.233,0.052-3.637,0.052 s-2.688-0.009-3.637-0.052c-0.877-0.04-1.354-0.187-1.671-0.31c-0.42-0.163-0.72-0.358-1.035-0.673 c-0.315-0.315-0.51-0.615-0.673-1.035c-0.123-0.317-0.27-0.794-0.31-1.671C4.631,14.688,4.622,14.403,4.622,12 s0.009-2.688,0.052-3.637c0.04-0.877,0.187-1.354,0.31-1.671c0.163-0.42,0.358-0.72,0.673-1.035 c0.315-0.315,0.615-0.51,1.035-0.673c0.317-0.123,0.794-0.27,1.671-0.31C9.312,4.631,9.597,4.622,12,4.622 M12,3 C9.556,3,9.249,3.01,8.289,3.054C7.331,3.098,6.677,3.25,6.105,3.472C5.513,3.702,5.011,4.01,4.511,4.511 c-0.5,0.5-0.808,1.002-1.038,1.594C3.25,6.677,3.098,7.331,3.054,8.289C3.01,9.249,3,9.556,3,12c0,2.444,0.01,2.751,0.054,3.711 c0.044,0.958,0.196,1.612,0.418,2.185c0.23,0.592,0.538,1.094,1.038,1.594c0.5,0.5,1.002,0.808,1.594,1.038 c0.572,0.222,1.227,0.375,2.185,0.418C9.249,20.99,9.556,21,12,21s2.751-0.01,3.711-0.054c0.958-0.044,1.612-0.196,2.185-0.418 c0.592-0.23,1.094-0.538,1.594-1.038c0.5-0.5,0.808-1.002,1.038-1.594c0.222-0.572,0.375-1.227,0.418-2.185 C20.99,14.751,21,14.444,21,12s-0.01-2.751-0.054-3.711c-0.044-0.958-0.196-1.612-0.418-2.185c-0.23-0.592-0.538-1.094-1.038-1.594 c-0.5-0.5-1.002-0.808-1.594-1.038c-0.572-0.222-1.227-0.375-2.185-0.418C14.751,3.01,14.444,3,12,3L12,3z M12,7.378 c-2.552,0-4.622,2.069-4.622,4.622S9.448,16.622,12,16.622s4.622-2.069,4.622-4.622S14.552,7.378,12,7.378z M12,15 c-1.657,0-3-1.343-3-3s1.343-3,3-3s3,1.343,3,3S13.657,15,12,15z M16.804,6.116c-0.596,0-1.08,0.484-1.08,1.08 s0.484,1.08,1.08,1.08c0.596,0,1.08-0.484,1.08-1.08S17.401,6.116,16.804,6.116z\"><\/path><\/svg><span class=\"wp-block-social-link-label screen-reader-text\">Instagram<\/span><\/a><\/li>\n\n<li class=\"wp-social-link wp-social-link-facebook  wp-block-social-link\"><a href=\"https:\/\/www.facebook.com\/Contando-com-O-Mestre-104477334757692\" class=\"wp-block-social-link-anchor\"><svg width=\"24\" height=\"24\" viewBox=\"0 0 24 24\" version=\"1.1\" xmlns=\"http:\/\/www.w3.org\/2000\/svg\" aria-hidden=\"true\" focusable=\"false\"><path d=\"M12 2C6.5 2 2 6.5 2 12c0 5 3.7 9.1 8.4 9.9v-7H7.9V12h2.5V9.8c0-2.5 1.5-3.9 3.8-3.9 1.1 0 2.2.2 2.2.2v2.5h-1.3c-1.2 0-1.6.8-1.6 1.6V12h2.8l-.4 2.9h-2.3v7C18.3 21.1 22 17 22 12c0-5.5-4.5-10-10-10z\"><\/path><\/svg><span class=\"wp-block-social-link-label screen-reader-text\">Facebook<\/span><\/a><\/li>\n\n<li class=\"wp-social-link wp-social-link-twitter  wp-block-social-link\"><a href=\"https:\/\/twitter.com\/contandomestre\" class=\"wp-block-social-link-anchor\"><svg width=\"24\" height=\"24\" viewBox=\"0 0 24 24\" version=\"1.1\" xmlns=\"http:\/\/www.w3.org\/2000\/svg\" aria-hidden=\"true\" focusable=\"false\"><path d=\"M22.23,5.924c-0.736,0.326-1.527,0.547-2.357,0.646c0.847-0.508,1.498-1.312,1.804-2.27 c-0.793,0.47-1.671,0.812-2.606,0.996C18.324,4.498,17.257,4,16.077,4c-2.266,0-4.103,1.837-4.103,4.103 c0,0.322,0.036,0.635,0.106,0.935C8.67,8.867,5.647,7.234,3.623,4.751C3.27,5.357,3.067,6.062,3.067,6.814 c0,1.424,0.724,2.679,1.825,3.415c-0.673-0.021-1.305-0.206-1.859-0.513c0,0.017,0,0.034,0,0.052c0,1.988,1.414,3.647,3.292,4.023 c-0.344,0.094-0.707,0.144-1.081,0.144c-0.264,0-0.521-0.026-0.772-0.074c0.522,1.63,2.038,2.816,3.833,2.85 c-1.404,1.1-3.174,1.756-5.096,1.756c-0.331,0-0.658-0.019-0.979-0.057c1.816,1.164,3.973,1.843,6.29,1.843 c7.547,0,11.675-6.252,11.675-11.675c0-0.178-0.004-0.355-0.012-0.531C20.985,7.47,21.68,6.747,22.23,5.924z\"><\/path><\/svg><span class=\"wp-block-social-link-label screen-reader-text\">Twitter<\/span><\/a><\/li>\n\n<li class=\"wp-social-link wp-social-link-pinterest  wp-block-social-link\"><a href=\"https:\/\/br.pinterest.com\/contandocomomestre\/\" class=\"wp-block-social-link-anchor\"><svg width=\"24\" height=\"24\" viewBox=\"0 0 24 24\" version=\"1.1\" xmlns=\"http:\/\/www.w3.org\/2000\/svg\" aria-hidden=\"true\" focusable=\"false\"><path d=\"M12.289,2C6.617,2,3.606,5.648,3.606,9.622c0,1.846,1.025,4.146,2.666,4.878c0.25,0.111,0.381,0.063,0.439-0.169 c0.044-0.175,0.267-1.029,0.365-1.428c0.032-0.128,0.017-0.237-0.091-0.362C6.445,11.911,6.01,10.75,6.01,9.668 c0-2.777,2.194-5.464,5.933-5.464c3.23,0,5.49,2.108,5.49,5.122c0,3.407-1.794,5.768-4.13,5.768c-1.291,0-2.257-1.021-1.948-2.277 c0.372-1.495,1.089-3.112,1.089-4.191c0-0.967-0.542-1.775-1.663-1.775c-1.319,0-2.379,1.309-2.379,3.059 c0,1.115,0.394,1.869,0.394,1.869s-1.302,5.279-1.54,6.261c-0.405,1.666,0.053,4.368,0.094,4.604 c0.021,0.126,0.167,0.169,0.25,0.063c0.129-0.165,1.699-2.419,2.142-4.051c0.158-0.59,0.817-2.995,0.817-2.995 c0.43,0.784,1.681,1.446,3.013,1.446c3.963,0,6.822-3.494,6.822-7.833C20.394,5.112,16.849,2,12.289,2\"><\/path><\/svg><span class=\"wp-block-social-link-label screen-reader-text\">Pinterest<\/span><\/a><\/li><\/ul>\n\n\n\n<div style=\"height:33px\" aria-hidden=\"true\" class=\"wp-block-spacer\"><\/div>\n\n\n<p style=\"text-align: left;\"><p class=\"title-description-up\"><\/p><h1 class=\"entry-title big-text\">Porqu\u00ea<\/h1>\n<div class=\"nH if\">\n<div class=\"nH aHU\">\n<div class=\"nH hx\">\n<div class=\"nH\" role=\"list\">\n<div class=\"h7 ie nH oy8Mbf\" tabindex=\"-1\" role=\"listitem\">\n<div class=\"Bk\">\n<div class=\"G3 G2\">\n<div id=\":n2\">\n<div class=\"adn ads\" data-message-id=\"#msg-a:r-2848432415879375028\" data-legacy-message-id=\"17e356f6464184a3\">\n<div class=\"gs\">\n<div class=\"\">\n<div id=\":n5\" class=\"ii gt\">\n<div id=\":n4\" class=\"a3s aiL \">\n<div dir=\"auto\">\n<div dir=\"auto\"><em>Antes que eu te formasse no ventre materno, eu te conheci, (&#8230;)\u00a0<\/em><\/div>\n<div dir=\"auto\"><strong>Jeremias 1:5<\/strong><\/div>\n<\/div>\n<\/div>\n<div dir=\"auto\">\u00a0<\/div>\n<div id=\":n4\" class=\"a3s aiL \">\n<div dir=\"auto\">\n<div dir=\"auto\"><em>Para onde me ausentarei do Teu Esp\u00edrito? Para onde fugirei da Tua face? Se subo aos c\u00e9us, l\u00e1 estas; se fa\u00e7o a minha cama no mais profundo abismo, l\u00e1 est\u00e1s tamb\u00e9m.\u00a0<\/em><\/div>\n<div dir=\"auto\"><strong>Salmos 139:7,8\u00a0<\/strong><\/div>\n<div dir=\"auto\">\u00a0<\/div>\n<div dir=\"auto\"><em>At\u00e9 os cabelos da vossa cabe\u00e7a est\u00e3o todos contados. N\u00e3o temais!\u00a0<\/em><\/div>\n<div dir=\"auto\"><strong>Lucas 12:7\u00a0<\/strong><\/div>\n<div dir=\"auto\">\u00a0<\/div>\n<div dir=\"auto\"><em>Portanto, quando falamos, n\u00f3s usamos palavras ensinadas pelo Esp\u00edrito de Deus e n\u00e3o palavras ensinadas pela sabedoria humana. Assim explicamos as verdades espirituais aos que s\u00e3o espirituais.<\/em><\/div>\n<div dir=\"auto\"><strong>1 Cor\u00edntios 2:13\u00a0<\/strong><\/div>\n<div dir=\"auto\">\u00a0<\/div>\n<div dir=\"auto\">\u00a0<\/div>\n<div dir=\"auto\">Jesus quer contar para voc\u00ea que s\u00e1bado Ele admirou a forma cuidadosa com que voc\u00ea derramou calda de chocolate no bolo de cenoura para oferecer aos seus amigos.<\/div>\n<div dir=\"auto\">\u00a0<\/div>\n<div dir=\"auto\">Jesus quer contar para voc\u00ea que Ele viu as 16 vezes que voc\u00ea ensaiou o que dizer na entrevista de emprego. Viu o quanto voc\u00ea estava nervoso naquela manh\u00e3 e at\u00e9 orou no banheiro da empresa pedindo sabedoria. Saiba que Ele viu, ouviu e est\u00e1 orgulhos\u00edssimo da sua contrata\u00e7\u00e3o!<\/div>\n<div dir=\"auto\">\u00a0<\/div>\n<div dir=\"auto\">Jesus quer contar para voc\u00ea que embora seu pai n\u00e3o estivesse l\u00e1, Ele estava, e assistiu do come\u00e7o ao fim toda sua apresenta\u00e7\u00e3o de dia dos pais no pr\u00e9. Ah! Ele amou sua fantasia de corujinha.<\/div>\n<div dir=\"auto\">\u00a0<\/div>\n<div dir=\"auto\">Sempre usei a escrita para meu relacionamento pessoal com Deus. Ent\u00e3o um dia senti a inspira\u00e7\u00e3o de escrever tamb\u00e9m para as pessoas, expressar os detalhes po\u00e9ticos do amor de Jesus e a profundidade do quanto Ele nos conhece.<\/div>\n<div dir=\"auto\">\u00a0<\/div>\n<div dir=\"auto\">Alguns textos ser\u00e3o baseados em um aprofundamento imagin\u00e1rio dos sentimentos mais \u00edntimos dos personagens b\u00edblicos, outros em minhas experi\u00eancias com Deus, ou na hist\u00f3ria de vida de pessoas que encontro na jornada. Em todos conto com O Mestre Jesus para ser o meio pelo qual Ele fale com voc\u00ea. Afinal, voc\u00ea sempre fala com Ele, agora est\u00e1 na hora de ouvi-lo tamb\u00e9m!<\/div>\n<\/div>\n<div class=\"yj6qo\">\u00a0<\/div>\n<div class=\"adL\">\u00a0<\/div>\n<\/div>\n<\/div>\n<\/div>\n<\/div>\n<\/div>\n<\/div>\n<\/div>\n<\/div>\n<\/div>\n<\/div>\n<\/div>\n<\/div>\n<\/div>\n<p><img loading=\"lazy\" decoding=\"async\" class=\"size-full wp-image-872 alignright\" src=\"https:\/\/contandocomomestre.com.br\/wp-content\/uploads\/2022\/02\/Assinatura3.png\" alt=\"\" width=\"262\" height=\"64\" \/><\/p>\n<p style=\"text-align: center;\">\u00a0<\/p>\n\n\n<p><\/p>\n","protected":false},"excerpt":{"rendered":"<p>Antes que eu te formasse no ventre materno, eu te conheci, (&#8230;)\u00a0 Jeremias 1:5 \u00a0 Para onde me ausentarei do Teu Esp\u00edrito? Para onde fugirei da Tua face? Se subo aos c\u00e9us, l\u00e1 estas; se fa\u00e7o a minha cama no mais profundo abismo, l\u00e1 est\u00e1s tamb\u00e9m.\u00a0 Salmos 139:7,8\u00a0 \u00a0 At\u00e9 os cabelos da vossa cabe\u00e7a [&hellip;]<\/p>\n","protected":false},"author":2,"featured_media":0,"parent":0,"menu_order":0,"comment_status":"closed","ping_status":"closed","template":"page-split.php","meta":{"footnotes":""},"class_list":["post-46","page","type-page","status-publish","hentry"],"_links":{"self":[{"href":"https:\/\/contandocomomestre.com.br\/index.php?rest_route=\/wp\/v2\/pages\/46","targetHints":{"allow":["GET"]}}],"collection":[{"href":"https:\/\/contandocomomestre.com.br\/index.php?rest_route=\/wp\/v2\/pages"}],"about":[{"href":"https:\/\/contandocomomestre.com.br\/index.php?rest_route=\/wp\/v2\/types\/page"}],"author":[{"embeddable":true,"href":"https:\/\/contandocomomestre.com.br\/index.php?rest_route=\/wp\/v2\/users\/2"}],"replies":[{"embeddable":true,"href":"https:\/\/contandocomomestre.com.br\/index.php?rest_route=%2Fwp%2Fv2%2Fcomments&post=46"}],"version-history":[{"count":38,"href":"https:\/\/contandocomomestre.com.br\/index.php?rest_route=\/wp\/v2\/pages\/46\/revisions"}],"predecessor-version":[{"id":951,"href":"https:\/\/contandocomomestre.com.br\/index.php?rest_route=\/wp\/v2\/pages\/46\/revisions\/951"}],"wp:attachment":[{"href":"https:\/\/contandocomomestre.com.br\/index.php?rest_route=%2Fwp%2Fv2%2Fmedia&parent=46"}],"curies":[{"name":"wp","href":"https:\/\/api.w.org\/{rel}","templated":true}]}}